{"id":2807,"date":"2019-12-23T16:17:53","date_gmt":"2019-12-23T19:17:53","guid":{"rendered":"https:\/\/hmtower.com.br\/siteantigo\/?page_id=2807"},"modified":"2022-11-01T15:34:56","modified_gmt":"2022-11-01T18:34:56","slug":"projetos","status":"publish","type":"page","link":"https:\/\/hmtower.com.br\/siteantigo\/projetos\/","title":{"rendered":"PROJETOS DE ENGENHARIA"},"content":{"rendered":"\t\t<div data-elementor-type=\"wp-page\" data-elementor-id=\"2807\" class=\"elementor elementor-2807\">\n\t\t\t\t\t\t<section class=\"elementor-section elementor-top-section elementor-element elementor-element-5dcd1daa elementor-section-boxed elementor-section-height-default elementor-section-height-default\" data-id=\"5dcd1daa\" data-element_type=\"section\" data-e-type=\"section\">\n\t\t\t\t\t\t<div class=\"elementor-container elementor-column-gap-default\">\n\t\t\t\t\t<div class=\"elementor-column elementor-col-100 elementor-top-column elementor-element elementor-element-4ab63f0c\" data-id=\"4ab63f0c\" data-element_type=\"column\" data-e-type=\"column\">\n\t\t\t<div class=\"elementor-widget-wrap elementor-element-populated\">\n\t\t\t\t\t\t<div class=\"elementor-element elementor-element-1d0e3895 elementor-widget elementor-widget-text-editor\" data-id=\"1d0e3895\" data-element_type=\"widget\" data-e-type=\"widget\" data-widget_type=\"text-editor.default\">\n\t\t\t\t<div class=\"elementor-widget-container\">\n\t\t\t\t\t\t\t\t\t<p>A HM TOWER possui quadro de Engenheiros e Arquitetos especialistas que projetam nos melhores softwares do mercado, garantindo agilidade e qualidade para os projetos executados por nossa equipe.<\/p>\t\t\t\t\t\t\t\t<\/div>\n\t\t\t\t<\/div>\n\t\t\t\t\t<\/div>\n\t\t<\/div>\n\t\t\t\t\t<\/div>\n\t\t<\/section>\n\t\t\t\t<section class=\"elementor-section elementor-top-section elementor-element elementor-element-de73d55 elementor-section-boxed elementor-section-height-default elementor-section-height-default\" data-id=\"de73d55\" data-element_type=\"section\" data-e-type=\"section\">\n\t\t\t\t\t\t<div class=\"elementor-container elementor-column-gap-default\">\n\t\t\t\t\t<div class=\"elementor-column elementor-col-100 elementor-top-column elementor-element elementor-element-d7d3d5e\" data-id=\"d7d3d5e\" data-element_type=\"column\" data-e-type=\"column\">\n\t\t\t<div class=\"elementor-widget-wrap elementor-element-populated\">\n\t\t\t\t\t\t<div class=\"elementor-element elementor-element-c64c079 elementor-widget elementor-widget-toggle\" data-id=\"c64c079\" data-element_type=\"widget\" data-e-type=\"widget\" data-widget_type=\"toggle.default\">\n\t\t\t\t<div class=\"elementor-widget-container\">\n\t\t\t\t\t\t\t<div class=\"elementor-toggle\">\n\t\t\t\t\t\t\t<div class=\"elementor-toggle-item\">\n\t\t\t\t\t<h2 id=\"elementor-tab-title-2071\" class=\"elementor-tab-title\" data-tab=\"1\" role=\"button\" aria-controls=\"elementor-tab-content-2071\" aria-expanded=\"false\">\n\t\t\t\t\t\t\t\t\t\t\t\t<span class=\"elementor-toggle-icon elementor-toggle-icon-left\" aria-hidden=\"true\">\n\t\t\t\t\t\t\t\t\t\t\t\t\t\t\t<span class=\"elementor-toggle-icon-closed\"><i class=\"fas fa-caret-right\"><\/i><\/span>\n\t\t\t\t\t\t\t\t<span class=\"elementor-toggle-icon-opened\"><i class=\"elementor-toggle-icon-opened fas fa-caret-up\"><\/i><\/span>\n\t\t\t\t\t\t\t\t\t\t\t\t\t<\/span>\n\t\t\t\t\t\t\t\t\t\t\t\t<a class=\"elementor-toggle-title\" tabindex=\"0\">Projeto Arquitet\u00f4nico<\/a>\n\t\t\t\t\t<\/h2>\n\n\t\t\t\t\t<div id=\"elementor-tab-content-2071\" class=\"elementor-tab-content elementor-clearfix\" data-tab=\"1\" role=\"region\" aria-labelledby=\"elementor-tab-title-2071\"><\/div>\n\t\t\t\t<\/div>\n\t\t\t\t\t\t\t<div class=\"elementor-toggle-item\">\n\t\t\t\t\t<h2 id=\"elementor-tab-title-2072\" class=\"elementor-tab-title\" data-tab=\"2\" role=\"button\" aria-controls=\"elementor-tab-content-2072\" aria-expanded=\"false\">\n\t\t\t\t\t\t\t\t\t\t\t\t<span class=\"elementor-toggle-icon elementor-toggle-icon-left\" aria-hidden=\"true\">\n\t\t\t\t\t\t\t\t\t\t\t\t\t\t\t<span class=\"elementor-toggle-icon-closed\"><i class=\"fas fa-caret-right\"><\/i><\/span>\n\t\t\t\t\t\t\t\t<span class=\"elementor-toggle-icon-opened\"><i class=\"elementor-toggle-icon-opened fas fa-caret-up\"><\/i><\/span>\n\t\t\t\t\t\t\t\t\t\t\t\t\t<\/span>\n\t\t\t\t\t\t\t\t\t\t\t\t<a class=\"elementor-toggle-title\" tabindex=\"0\">Projeto Estrutural<\/a>\n\t\t\t\t\t<\/h2>\n\n\t\t\t\t\t<div id=\"elementor-tab-content-2072\" class=\"elementor-tab-content elementor-clearfix\" data-tab=\"2\" role=\"region\" aria-labelledby=\"elementor-tab-title-2072\">Lorem ipsum dolor sit amet, consectetur adipiscing elit. Ut elit tellus, luctus nec ullamcorper mattis, pulvinar dapibus leo.<\/div>\n\t\t\t\t<\/div>\n\t\t\t\t\t\t\t<div class=\"elementor-toggle-item\">\n\t\t\t\t\t<h2 id=\"elementor-tab-title-2073\" class=\"elementor-tab-title\" data-tab=\"3\" role=\"button\" aria-controls=\"elementor-tab-content-2073\" aria-expanded=\"false\">\n\t\t\t\t\t\t\t\t\t\t\t\t<span class=\"elementor-toggle-icon elementor-toggle-icon-left\" aria-hidden=\"true\">\n\t\t\t\t\t\t\t\t\t\t\t\t\t\t\t<span class=\"elementor-toggle-icon-closed\"><i class=\"fas fa-caret-right\"><\/i><\/span>\n\t\t\t\t\t\t\t\t<span class=\"elementor-toggle-icon-opened\"><i class=\"elementor-toggle-icon-opened fas fa-caret-up\"><\/i><\/span>\n\t\t\t\t\t\t\t\t\t\t\t\t\t<\/span>\n\t\t\t\t\t\t\t\t\t\t\t\t<a class=\"elementor-toggle-title\" tabindex=\"0\">Projeto Hidrossanit\u00e1rio<\/a>\n\t\t\t\t\t<\/h2>\n\n\t\t\t\t\t<div id=\"elementor-tab-content-2073\" class=\"elementor-tab-content elementor-clearfix\" data-tab=\"3\" role=\"region\" aria-labelledby=\"elementor-tab-title-2073\"><\/div>\n\t\t\t\t<\/div>\n\t\t\t\t\t\t\t<div class=\"elementor-toggle-item\">\n\t\t\t\t\t<h2 id=\"elementor-tab-title-2074\" class=\"elementor-tab-title\" data-tab=\"4\" role=\"button\" aria-controls=\"elementor-tab-content-2074\" aria-expanded=\"false\">\n\t\t\t\t\t\t\t\t\t\t\t\t<span class=\"elementor-toggle-icon elementor-toggle-icon-left\" aria-hidden=\"true\">\n\t\t\t\t\t\t\t\t\t\t\t\t\t\t\t<span class=\"elementor-toggle-icon-closed\"><i class=\"fas fa-caret-right\"><\/i><\/span>\n\t\t\t\t\t\t\t\t<span class=\"elementor-toggle-icon-opened\"><i class=\"elementor-toggle-icon-opened fas fa-caret-up\"><\/i><\/span>\n\t\t\t\t\t\t\t\t\t\t\t\t\t<\/span>\n\t\t\t\t\t\t\t\t\t\t\t\t<a class=\"elementor-toggle-title\" tabindex=\"0\">Projeto de Drenagem<\/a>\n\t\t\t\t\t<\/h2>\n\n\t\t\t\t\t<div id=\"elementor-tab-content-2074\" class=\"elementor-tab-content elementor-clearfix\" data-tab=\"4\" role=\"region\" aria-labelledby=\"elementor-tab-title-2074\"><ul><li>Indica\u00e7\u00e3o gr\u00e1fica das estruturas de capta\u00e7\u00e3o e transporte, com as respectivas dimens\u00f5es, lineares, di\u00e2metros, declividades longitudinais, profundidades, cotas de fundo e topo dos PVs, etc, e tamb\u00e9m, indica\u00e7\u00e3o gr\u00e1fica das estruturas de disposi\u00e7\u00e3o final como escadas hidr\u00e1ulicas, dissipadores de energia, tubula\u00e7\u00e3o, etc, definindo com exatid\u00e3o os pontos de lan\u00e7amento ou liga\u00e7\u00e3o.<\/li><li>Setas indicando o sentido de escoamento das \u00e1guas pluviais nas ruas e quadras<\/li><li>Se\u00e7\u00f5es transversais das vias usadas nos c\u00e1lculos, com o devido dimensionamento<\/li><li>Planta ou plantas, em escalas adequadas, demonstrando as sub-bacias e as bacias de contribui\u00e7\u00e3o externas a serem utilizadas para os c\u00e1lculos<\/li><li>Plantas com detalhamentos de eventuais estruturas hidr\u00e1ulicas especiais<\/li><li>Indica\u00e7\u00e3o de tanques ou reservat\u00f3rios de deten\u00e7\u00e3o<\/li><\/ul><\/div>\n\t\t\t\t<\/div>\n\t\t\t\t\t\t\t<div class=\"elementor-toggle-item\">\n\t\t\t\t\t<h2 id=\"elementor-tab-title-2075\" class=\"elementor-tab-title\" data-tab=\"5\" role=\"button\" aria-controls=\"elementor-tab-content-2075\" aria-expanded=\"false\">\n\t\t\t\t\t\t\t\t\t\t\t\t<span class=\"elementor-toggle-icon elementor-toggle-icon-left\" aria-hidden=\"true\">\n\t\t\t\t\t\t\t\t\t\t\t\t\t\t\t<span class=\"elementor-toggle-icon-closed\"><i class=\"fas fa-caret-right\"><\/i><\/span>\n\t\t\t\t\t\t\t\t<span class=\"elementor-toggle-icon-opened\"><i class=\"elementor-toggle-icon-opened fas fa-caret-up\"><\/i><\/span>\n\t\t\t\t\t\t\t\t\t\t\t\t\t<\/span>\n\t\t\t\t\t\t\t\t\t\t\t\t<a class=\"elementor-toggle-title\" tabindex=\"0\">Projeto de Terraplenahgem<\/a>\n\t\t\t\t\t<\/h2>\n\n\t\t\t\t\t<div id=\"elementor-tab-content-2075\" class=\"elementor-tab-content elementor-clearfix\" data-tab=\"5\" role=\"region\" aria-labelledby=\"elementor-tab-title-2075\"><ul><li>Curvas de n\u00edvel de metro em metro<\/li><li>Estaqueamento das vias a cada 20 (vinte) metros, com a cota do eixo da pista em cada estaca<\/li><li>Tra\u00e7ado, na escala da planta, das cristas e saias dos taludes de corte e aterro projetados para a abertura das vias e estruturas de conten\u00e7\u00e3o<\/li><li>Setas indicando o sentido do escoamento das \u00e1guas pluviais nas vias e nas quadras<\/li><li>Perfil Longitudinal das vias de Circula\u00e7\u00e3o Dever\u00e3o ser apresentados em escala 1:1.000 (horizontal) e 1:100 (vertical)<\/li><li>Perfil Longitudinal das vias de Circula\u00e7\u00e3o &#8211; estaqueamento a cada 20 (vinte) metros, o n\u00famero da estaca e o tra\u00e7ado do terreno original e da via projetada, com as respectivas cotas e as declividades de cada trecho do perfil da via projetada.<\/li><li>Sec\u00e7\u00f5es Transversais das Vias de Circula\u00e7\u00e3o &#8211; Dever\u00e1 ser apresentado um \u00fanico perfil para cada largura ou tipo diferente de rua do projeto, em escala 1:100 (horizontal e vertical)<\/li><\/ul><\/div>\n\t\t\t\t<\/div>\n\t\t\t\t\t\t\t<div class=\"elementor-toggle-item\">\n\t\t\t\t\t<h2 id=\"elementor-tab-title-2076\" class=\"elementor-tab-title\" data-tab=\"6\" role=\"button\" aria-controls=\"elementor-tab-content-2076\" aria-expanded=\"false\">\n\t\t\t\t\t\t\t\t\t\t\t\t<span class=\"elementor-toggle-icon elementor-toggle-icon-left\" aria-hidden=\"true\">\n\t\t\t\t\t\t\t\t\t\t\t\t\t\t\t<span class=\"elementor-toggle-icon-closed\"><i class=\"fas fa-caret-right\"><\/i><\/span>\n\t\t\t\t\t\t\t\t<span class=\"elementor-toggle-icon-opened\"><i class=\"elementor-toggle-icon-opened fas fa-caret-up\"><\/i><\/span>\n\t\t\t\t\t\t\t\t\t\t\t\t\t<\/span>\n\t\t\t\t\t\t\t\t\t\t\t\t<a class=\"elementor-toggle-title\" tabindex=\"0\">Projeto El\u00e9trico<\/a>\n\t\t\t\t\t<\/h2>\n\n\t\t\t\t\t<div id=\"elementor-tab-content-2076\" class=\"elementor-tab-content elementor-clearfix\" data-tab=\"6\" role=\"region\" aria-labelledby=\"elementor-tab-title-2076\">Conte\u00fado da altern\u00e2ncia<\/div>\n\t\t\t\t<\/div>\n\t\t\t\t\t\t\t<div class=\"elementor-toggle-item\">\n\t\t\t\t\t<h2 id=\"elementor-tab-title-2077\" class=\"elementor-tab-title\" data-tab=\"7\" role=\"button\" aria-controls=\"elementor-tab-content-2077\" aria-expanded=\"false\">\n\t\t\t\t\t\t\t\t\t\t\t\t<span class=\"elementor-toggle-icon elementor-toggle-icon-left\" aria-hidden=\"true\">\n\t\t\t\t\t\t\t\t\t\t\t\t\t\t\t<span class=\"elementor-toggle-icon-closed\"><i class=\"fas fa-caret-right\"><\/i><\/span>\n\t\t\t\t\t\t\t\t<span class=\"elementor-toggle-icon-opened\"><i class=\"elementor-toggle-icon-opened fas fa-caret-up\"><\/i><\/span>\n\t\t\t\t\t\t\t\t\t\t\t\t\t<\/span>\n\t\t\t\t\t\t\t\t\t\t\t\t<a class=\"elementor-toggle-title\" tabindex=\"0\">Projeto Urban\u00edstico<\/a>\n\t\t\t\t\t<\/h2>\n\n\t\t\t\t\t<div id=\"elementor-tab-content-2077\" class=\"elementor-tab-content elementor-clearfix\" data-tab=\"7\" role=\"region\" aria-labelledby=\"elementor-tab-title-2077\"><\/div>\n\t\t\t\t<\/div>\n\t\t\t\t\t\t\t\t<\/div>\n\t\t\t\t\t\t<\/div>\n\t\t\t\t<\/div>\n\t\t\t\t\t<\/div>\n\t\t<\/div>\n\t\t\t\t\t<\/div>\n\t\t<\/section>\n\t\t\t\t<\/div>\n\t\t","protected":false},"excerpt":{"rendered":"<p>A HM TOWER possui quadro de Engenheiros e Arquitetos especialistas que projetam nos melhores softwares do mercado, garantindo agilidade e qualidade para os projetos executados por nossa equipe. Projeto Arquitet\u00f4nico Projeto Estrutural Lorem ipsum dolor sit amet, consectetur adipiscing elit. Ut elit tellus, luctus nec ullamcorper mattis, pulvinar dapibus leo. Projeto Hidrossanit\u00e1rio Projeto de Drenagem [&hellip;]<\/p>\n","protected":false},"author":7,"featured_media":3139,"parent":0,"menu_order":0,"comment_status":"closed","ping_status":"open","template":"","meta":{"footnotes":""},"class_list":["post-2807","page","type-page","status-publish","has-post-thumbnail","hentry"],"rttpg_featured_image_url":{"full":["https:\/\/hmtower.com.br\/siteantigo\/wp-content\/uploads\/2020\/04\/enge.jpg",1540,800,false],"landscape":["https:\/\/hmtower.com.br\/siteantigo\/wp-content\/uploads\/2020\/04\/enge.jpg",1540,800,false],"portraits":["https:\/\/hmtower.com.br\/siteantigo\/wp-content\/uploads\/2020\/04\/enge.jpg",1540,800,false],"thumbnail":["https:\/\/hmtower.com.br\/siteantigo\/wp-content\/uploads\/2020\/04\/enge-150x150.jpg",150,150,true],"medium":["https:\/\/hmtower.com.br\/siteantigo\/wp-content\/uploads\/2020\/04\/enge-300x156.jpg",300,156,true],"large":["https:\/\/hmtower.com.br\/siteantigo\/wp-content\/uploads\/2020\/04\/enge-1024x532.jpg",1024,532,true],"1536x1536":["https:\/\/hmtower.com.br\/siteantigo\/wp-content\/uploads\/2020\/04\/enge-1536x798.jpg",1536,798,true],"2048x2048":["https:\/\/hmtower.com.br\/siteantigo\/wp-content\/uploads\/2020\/04\/enge.jpg",1540,800,false],"mailpoet_newsletter_max":["https:\/\/hmtower.com.br\/siteantigo\/wp-content\/uploads\/2020\/04\/enge-1320x686.jpg",1320,686,true]},"rttpg_author":{"display_name":"LUIS GUILHERME BARBOSA HORTA CELSO","author_link":"https:\/\/hmtower.com.br\/siteantigo\/author\/guillehorta\/"},"rttpg_comment":0,"rttpg_category":null,"rttpg_excerpt":"A HM TOWER possui quadro de Engenheiros e Arquitetos especialistas que projetam nos melhores softwares do mercado, garantindo agilidade e qualidade para os projetos executados por nossa equipe. Projeto Arquitet\u00f4nico Projeto Estrutural Lorem ipsum dolor sit amet, consectetur adipiscing elit. Ut elit tellus, luctus nec ullamcorper mattis, pulvinar dapibus leo. Projeto Hidrossanit\u00e1rio Projeto de Drenagem&hellip;","_links":{"self":[{"href":"https:\/\/hmtower.com.br\/siteantigo\/wp-json\/wp\/v2\/pages\/2807","targetHints":{"allow":["GET"]}}],"collection":[{"href":"https:\/\/hmtower.com.br\/siteantigo\/wp-json\/wp\/v2\/pages"}],"about":[{"href":"https:\/\/hmtower.com.br\/siteantigo\/wp-json\/wp\/v2\/types\/page"}],"author":[{"embeddable":true,"href":"https:\/\/hmtower.com.br\/siteantigo\/wp-json\/wp\/v2\/users\/7"}],"replies":[{"embeddable":true,"href":"https:\/\/hmtower.com.br\/siteantigo\/wp-json\/wp\/v2\/comments?post=2807"}],"version-history":[{"count":0,"href":"https:\/\/hmtower.com.br\/siteantigo\/wp-json\/wp\/v2\/pages\/2807\/revisions"}],"wp:featuredmedia":[{"embeddable":true,"href":"https:\/\/hmtower.com.br\/siteantigo\/wp-json\/wp\/v2\/media\/3139"}],"wp:attachment":[{"href":"https:\/\/hmtower.com.br\/siteantigo\/wp-json\/wp\/v2\/media?parent=2807"}],"curies":[{"name":"wp","href":"https:\/\/api.w.org\/{rel}","templated":true}]}}